{"id":16,"date":"2024-07-18T16:54:39","date_gmt":"2024-07-18T16:54:39","guid":{"rendered":"https:\/\/medicinamaz.com\/?page_id=16"},"modified":"2024-11-17T23:32:23","modified_gmt":"2024-11-17T23:32:23","slug":"home","status":"publish","type":"page","link":"https:\/\/medicinamaz.com\/","title":{"rendered":"Home"},"content":{"rendered":"\n\n\t\t\t\t    <img class=\"ba-cheetah-photo-img wp-image-167 size-full\"\n\t\t\t\tsrc=\"https:\/\/www.medicinamaz.com\/wp-content\/uploads\/2024\/11\/IMG_9332.jpeg\"\n\t\t\t\talt=\"\"\n\t\t\t\t\t\t\t\titemprop=\"image\" \n\t\t\t\theight=\"677\" width=\"1008\" onerror=\"this.style.display='none'\" srcset=\"https:\/\/medicinamaz.com\/wp-content\/uploads\/2024\/11\/IMG_9332.jpeg 1008w, https:\/\/medicinamaz.com\/wp-content\/uploads\/2024\/11\/IMG_9332-300x201.jpeg 300w, https:\/\/medicinamaz.com\/wp-content\/uploads\/2024\/11\/IMG_9332-768x516.jpeg 768w\" sizes=\"(max-width: 1008px) 100vw, 1008px\" \/>\n\t<!-- submit (eg. mailingboss) --> \n\t\t\t<a\t\t\thref=\"https:\/\/ff.healthatom.io\/0mSCeG\"\n\t\t\t\t\t\ttarget=\"_blank\"\n\t\t\tclass=\"button__button\"\n\t\t\trole=\"button\"\n\t\t\t rel=\"noopener\">\n\t<!-- content -->\n\t<!-- icon before -->\n\t<!-- text -->\n\t\t\t\t\tPide tu primera consulta\n\t\t\t\t\t\t\tonline\n\t<!-- icon after -->\n\t<\/a>\n\t<p><a href=\"https:\/\/www.medicinamaz.com\/wp-content\/uploads\/2024\/11\/IMG_9337-1.jpeg\"><img loading=\"lazy\" decoding=\"async\" src=\"https:\/\/www.medicinamaz.com\/wp-content\/uploads\/2024\/11\/IMG_9337-1.jpeg\" alt=\"\" width=\"965\" height=\"1187\" \/><\/a>La asesor\u00eda online ofrece la comodidad y accesibilidad, permitiendo a las personas acceder a servicios desde cualquier lugar y en el momento que decida, garantizando confidencialidad y efectividad.<\/p>\n<p>&nbsp;<\/p>\n<h1>\n\t\tServicios \t\n<\/h1>\n\t\t\t\t    <img class=\"ba-cheetah-photo-img wp-image-171 size-full\"\n\t\t\t\tsrc=\"https:\/\/www.medicinamaz.com\/wp-content\/uploads\/2024\/11\/A734CF14-545D-4387-BB7F-449F7F64527F.png\"\n\t\t\t\talt=\"\"\n\t\t\t\t\t\t\t\titemprop=\"image\" \n\t\t\t\theight=\"1024\" width=\"1024\" onerror=\"this.style.display='none'\" srcset=\"https:\/\/medicinamaz.com\/wp-content\/uploads\/2024\/11\/A734CF14-545D-4387-BB7F-449F7F64527F.png 1024w, https:\/\/medicinamaz.com\/wp-content\/uploads\/2024\/11\/A734CF14-545D-4387-BB7F-449F7F64527F-300x300.png 300w, https:\/\/medicinamaz.com\/wp-content\/uploads\/2024\/11\/A734CF14-545D-4387-BB7F-449F7F64527F-150x150.png 150w, https:\/\/medicinamaz.com\/wp-content\/uploads\/2024\/11\/A734CF14-545D-4387-BB7F-449F7F64527F-768x768.png 768w\" sizes=\"(max-width: 1024px) 100vw, 1024px\" \/>\n<h1>\n\t\tPsicologia \t\n<\/h1>\n\t<p>Especialistas en Ansiedad, Duelos, Hipocondr\u00eda y Depresi\u00f3n. Ofrecemos tambi\u00e9n servicios en Psicolog\u00eda Positiva, que se centra en fortalecer tus capacidades y mejorar tu calidad de vida.<\/p>\n\t\t\t\t    <img class=\"ba-cheetah-photo-img wp-image-172 size-full\"\n\t\t\t\tsrc=\"https:\/\/www.medicinamaz.com\/wp-content\/uploads\/2024\/11\/D19BFA76-4FEB-4224-81BE-F549EFD9B5B4.png\"\n\t\t\t\talt=\"\"\n\t\t\t\t\t\t\t\titemprop=\"image\" \n\t\t\t\theight=\"1024\" width=\"1024\" onerror=\"this.style.display='none'\" srcset=\"https:\/\/medicinamaz.com\/wp-content\/uploads\/2024\/11\/D19BFA76-4FEB-4224-81BE-F549EFD9B5B4.png 1024w, https:\/\/medicinamaz.com\/wp-content\/uploads\/2024\/11\/D19BFA76-4FEB-4224-81BE-F549EFD9B5B4-300x300.png 300w, https:\/\/medicinamaz.com\/wp-content\/uploads\/2024\/11\/D19BFA76-4FEB-4224-81BE-F549EFD9B5B4-150x150.png 150w, https:\/\/medicinamaz.com\/wp-content\/uploads\/2024\/11\/D19BFA76-4FEB-4224-81BE-F549EFD9B5B4-768x768.png 768w\" sizes=\"(max-width: 1024px) 100vw, 1024px\" \/>\n<h1>\n\t\tAsesoramiento de imagen \t\n<\/h1>\n\t<p>Asesoramiento para mejorar tu apariencia y presencia, tanto personal como profesional. Incluye evaluaci\u00f3n y mejorar el estilo de vestir, cuidado personal, cabello y maquillaje.<\/p>\n\t\t\t\t    <img class=\"ba-cheetah-photo-img wp-image-173 size-full\"\n\t\t\t\tsrc=\"https:\/\/www.medicinamaz.com\/wp-content\/uploads\/2024\/11\/F891F97B-0B99-4E14-B04D-0EBA1B4B075C.png\"\n\t\t\t\talt=\"\"\n\t\t\t\t\t\t\t\titemprop=\"image\" \n\t\t\t\theight=\"1024\" width=\"1024\" onerror=\"this.style.display='none'\" srcset=\"https:\/\/medicinamaz.com\/wp-content\/uploads\/2024\/11\/F891F97B-0B99-4E14-B04D-0EBA1B4B075C.png 1024w, https:\/\/medicinamaz.com\/wp-content\/uploads\/2024\/11\/F891F97B-0B99-4E14-B04D-0EBA1B4B075C-300x300.png 300w, https:\/\/medicinamaz.com\/wp-content\/uploads\/2024\/11\/F891F97B-0B99-4E14-B04D-0EBA1B4B075C-150x150.png 150w, https:\/\/medicinamaz.com\/wp-content\/uploads\/2024\/11\/F891F97B-0B99-4E14-B04D-0EBA1B4B075C-768x768.png 768w\" sizes=\"(max-width: 1024px) 100vw, 1024px\" \/>\n<h1>\n\t\tNutricionista y coaching \t\n<\/h1>\n\t<p>Asesoramiento nutricional personalizado para mejorar tu salud y bienestar. Incluye coaching personal y profesional para alcanzar metas y desarrollar todo tu potencial.<\/p>\n<h6>\n\t\t\u00bfPor que Medicina Maz?\t\n<\/h6>\n\tAtenci\u00f3n desde cualquier lugar de manera Online. Puedes reservar en el horario que te quede m\u00e1s c\u00f3modo, para seguir tus controles o solicitar asesor\u00eda.<br \/>\nEspecialidades en pocos clips tienes un m\u00e9dico dedicado exclusivamente para vos y listo para atenderte.\n\t<!-- submit (eg. mailingboss) --> \n\t\t\t<a\t\t\thref=\"https:\/\/ff.healthatom.io\/0mSCeG\"\n\t\t\t\t\t\ttarget=\"_self\"\n\t\t\tclass=\"button__button\"\n\t\t\trole=\"button\">\n\t<!-- content -->\n\t<!-- icon before -->\n\t<!-- text -->\n\t\t\t\t\tTurnos Online \n\t<!-- icon after -->\n\t<\/a>\n<h1>\n\t\tTestimonios de pacientes \t\n<\/h1>\n<section>\n\t\t\t\t\t\t\t<img decoding=\"async\" src=\"https:\/\/www.medicinamaz.com\/wp-content\/uploads\/2024\/07\/F9A88D7B-8F27-4C83-9C73-5C3C2A1AFC6A.jpeg\"\n\t\t\t\t\t\t\t\talt=\"Sofia\"\/>\n\t\t\t\t\t\t<p>La terapia y los asesoramientos en chile son muy caros y gracias a Medicina Maz pude trabajar mi salud mental con valores s\u00faper accesibles. Gracias Argentina\u00a0<\/p>\n\t\t\t\t\t<cite>\n\t\t\t\t\t\t\tSofia\t\t\t\t\t\t\n\t\t\t\t\t\t\tMaestra\t\t\t\t\t\t\n\t\t\t\t\t<\/cite>\n\t\t\t\t\t\t\t<img decoding=\"async\" src=\"https:\/\/www.medicinamaz.com\/wp-content\/uploads\/2024\/07\/57E2D908-73F0-4981-A777-6D8EEDE47D58.jpeg\"\n\t\t\t\t\t\t\t\talt=\"Mar\u00eda \"\/>\n\t\t\t\t\t\t<p>Licenciada Alex, gracias por ayudarme encontrar mi voz en medio de la ansiedad. Tu comprensi\u00f3n y apoyo me han dado la fuerza para enfrentar mis miedos. Muchas gracias Medicina Maz<\/p>\n\t\t\t\t\t<cite>\n\t\t\t\t\t\t\tMar\u00eda \t\t\t\t\t\t\n\t\t\t\t\t\t\tPeluquera\t\t\t\t\t\t\n\t\t\t\t\t<\/cite>\n\t\t\t\t\t\t\t<img decoding=\"async\" src=\"https:\/\/www.medicinamaz.com\/wp-content\/uploads\/2024\/07\/89BBAB6D-6AFB-4017-AA62-7CE43DEEBCF2.jpeg\"\n\t\t\t\t\t\t\t\talt=\"Fatima\"\/>\n\t\t\t\t\t\t<p>Hola~ desde la primera sesi\u00f3n, supe que estaba en buenas manos. Alex querida, has transformado mi perspectiva de la vida y me has dado herramientas para superar la depresi\u00f3n. Muchas gracias saludos desde Catar y bendiciones Argentina.<\/p>\n\t\t\t\t\t<cite>\n\t\t\t\t\t\t\tFatima\t\t\t\t\t\t\n\t\t\t\t\t\t\tManager\t\t\t\t\t\t\n\t\t\t\t\t<\/cite>\n\t\t\t\t\t\t\t<img decoding=\"async\" src=\"https:\/\/www.medicinamaz.com\/wp-content\/uploads\/2024\/07\/EDD08884-9E2C-4329-95F7-DE92081AD271.jpeg\"\n\t\t\t\t\t\t\t\talt=\"Carlos\"\/>\n\t\t\t\t\t\t<p>Hola soy Carlos, desde M\u00e9xico. Quer\u00eda agradecer a Medicina Maz por mis sesiones virtuales. Doctora su enfoque positivo ha cambiado mi vida para mejorar.<\/p>\n\t\t\t\t\t<cite>\n\t\t\t\t\t\t\tCarlos\t\t\t\t\t\t\n\t\t\t\t\t\t\tGerente general de empresas Polanco\t\t\t\t\t\t\n\t\t\t\t\t<\/cite>\n\t\t\t\t\t\t\t<img decoding=\"async\" src=\"https:\/\/www.medicinamaz.com\/wp-content\/uploads\/2024\/07\/069C29EA-F388-4CB1-BA73-438A8785DADF.jpeg\"\n\t\t\t\t\t\t\t\talt=\"Jo\u00e3o\"\/>\n\t\t\t\t\t\t<p>Gracias por darme esta oportunidad de crecer profesionalmente. Es un equipo incre\u00edble.\u00a0<\/p>\n\t\t\t\t\t<cite>\n\t\t\t\t\t\t\tJo\u00e3o\t\t\t\t\t\t\n\t\t\t\t\t\t\tActor \t\t\t\t\t\t\n\t\t\t\t\t<\/cite>\n\t\t\t\t\t\t\t<img decoding=\"async\" src=\"https:\/\/www.medicinamaz.com\/wp-content\/uploads\/2024\/07\/BF893A35-C29A-44A1-85EE-304DDF75CDB2.jpeg\"\n\t\t\t\t\t\t\t\talt=\"Ana \"\/>\n\t\t\t\t\t\t<p>hola, hace 5 a\u00f1os que vivo en EEUU pero soy colombiana. Gracias Dra zarate por los asesoramientos. S\u00faper recomendable\u00a0<\/p>\n\t\t\t\t\t<cite>\n\t\t\t\t\t\t\tAna \t\t\t\t\t\t\n\t\t\t\t\t\t\tMedico \t\t\t\t\t\t\n\t\t\t\t\t<\/cite>\n<\/section><h5>\n\t\tSobre Nosotros\t\n<\/h5>\n\t<p><a href=\"https:\/\/www.medicinamaz.com\/wp-content\/uploads\/2024\/11\/IMG_9338.jpeg\"><img loading=\"lazy\" decoding=\"async\" src=\"https:\/\/www.medicinamaz.com\/wp-content\/uploads\/2024\/11\/IMG_9338.jpeg\" alt=\"\" width=\"926\" height=\"1155\" \/><\/a>Somos un equipo dedicado a brindar servicios de salud mental, asesoramiento de imagen y nutrici\u00f3n. Nuestro objetivo es ayudarte a mejorar tu bienestar general y alcanzar tus metas personales y profesionales.<\/p>\n\t<!-- submit (eg. mailingboss) --> \n\t\t\t<a\t\t\tclass=\"button__button\" \n\t\t\trole=\"button\">\n\t<!-- link -->\n\t<!-- content -->\n\t<!-- icon before -->\n\t<!-- text -->\n\t\t\t\t\tSolicita Turno\n\t\t\t\t\t\t\tOnline\n\t<!-- icon after -->\n\t<\/a>\n<h1>\n\t\tContacto\t\n<\/h1>\n\t\n<p>+54 9 261 629-2269<\/p>\n\t<p>Estamos aqu\u00ed para ayudarte. No dudes en ponerte en contacto con nosotros para m\u00e1s informaci\u00f3n o para agendar una cita.<\/p>\n\t<ul>\n\t\t\t\t\t<li>\n\t\t\t\t<a \n\t\t\t\t\taria-label=\"Instagram\"\n\t\t\t\t\ttitle=\"Instagram\"\n\t\t\t\t\thref=\"https:\/\/www.instagram.com\/medicinamaz\/\"\n\t\t\t\t\ttarget=\"_blank\"\n\t\t\t\t\trel=\"noopener noreferrer\">\n\t\t\t\t<\/a>\n\t\t\t<\/li>\n\t\t\t\t\t<li>\n\t\t\t\t<a \n\t\t\t\t\taria-label=\"Tik Tok\"\n\t\t\t\t\ttitle=\"Tik Tok\"\n\t\t\t\t\thref=\"https:\/\/www.tiktok.com\/@medicinamaz\"\n\t\t\t\t\ttarget=\"_blank\"\n\t\t\t\t\trel=\"noopener noreferrer\">\n\t\t\t\t<\/a>\n\t\t\t<\/li>\n\t\t\t\t\t<li>\n\t\t\t\t<a \n\t\t\t\t\taria-label=\"whatsapp\"\n\t\t\t\t\ttitle=\"whatsapp\"\n\t\t\t\t\thref=\"https:\/\/api.whatsapp.com\/send?phone=5492616292269&#038;text=Hola%20%F0%9F%91%8B%2C%20escribo%20desde%20medicinamaz.com%20me%20gustar%C3%ADa%20obtener%20m%C3%A1s%20informaci%C3%B3n%20de%20sus%20servicios.\"\n\t\t\t\t\ttarget=\"_blank\"\n\t\t\t\t\trel=\"noopener noreferrer\">\n\t\t\t\t<\/a>\n\t\t\t<\/li>\n\t\t\t\t\t<li>\n\t\t\t\t<a \n\t\t\t\t\taria-label=\"Linkedin\"\n\t\t\t\t\ttitle=\"Linkedin\"\n\t\t\t\t\thref=\"https:\/\/ar.linkedin.com\/in\/alexandra-zarate-chesnik-a17139238\"\n\t\t\t\t\ttarget=\"_blank\"\n\t\t\t\t\trel=\"noopener noreferrer\">\n\t\t\t\t<\/a>\n\t\t\t<\/li>\n\t\t\t<\/ul>\n\t<p>\u00a9 2024 Cl\u00ednica Online Medicina Maz. Todos los derechos reservados.<\/p>\n\n","protected":false},"excerpt":{"rendered":"<p>Pide tu primera consulta online La asesor\u00eda online ofrece la comodidad y accesibilidad, permitiendo a las personas acceder a servicios [&hellip;]<\/p>\n","protected":false},"author":1,"featured_media":0,"parent":0,"menu_order":0,"comment_status":"closed","ping_status":"closed","template":"ba-cheetah-canvas-template","meta":{"site-sidebar-layout":"default","site-content-layout":"","ast-site-content-layout":"","site-content-style":"default","site-sidebar-style":"default","ast-global-header-display":"","ast-banner-title-visibility":"","ast-main-header-display":"","ast-hfb-above-header-display":"","ast-hfb-below-header-display":"","ast-hfb-mobile-header-display":"","site-post-title":"","ast-breadcrumbs-content":"","ast-featured-img":"","footer-sml-layout":"","theme-transparent-header-meta":"","adv-header-id-meta":"","stick-header-meta":"","header-above-stick-meta":"","header-main-stick-meta":"","header-below-stick-meta":"","astra-migrate-meta-layouts":"default","ast-page-background-enabled":"default","ast-page-background-meta":{"desktop":{"background-color":"var(--ast-global-color-4)","background-image":"","background-repeat":"repeat","background-position":"center center","background-size":"auto","background-attachment":"scroll","background-type":"","background-media":"","overlay-type":"","overlay-color":"","overlay-opacity":"","overlay-gradient":""},"tablet":{"background-color":"","background-image":"","background-repeat":"repeat","background-position":"center center","background-size":"auto","background-attachment":"scroll","background-type":"","background-media":"","overlay-type":"","overlay-color":"","overlay-opacity":"","overlay-gradient":""},"mobile":{"background-color":"","background-image":"","background-repeat":"repeat","background-position":"center center","background-size":"auto","background-attachment":"scroll","background-type":"","background-media":"","overlay-type":"","overlay-color":"","overlay-opacity":"","overlay-gradient":""}},"ast-content-background-meta":{"desktop":{"background-color":"var(--ast-global-color-5)","background-image":"","background-repeat":"repeat","background-position":"center center","background-size":"auto","background-attachment":"scroll","background-type":"","background-media":"","overlay-type":"","overlay-color":"","overlay-opacity":"","overlay-gradient":""},"tablet":{"background-color":"var(--ast-global-color-5)","background-image":"","background-repeat":"repeat","background-position":"center center","background-size":"auto","background-attachment":"scroll","background-type":"","background-media":"","overlay-type":"","overlay-color":"","overlay-opacity":"","overlay-gradient":""},"mobile":{"background-color":"var(--ast-global-color-5)","background-image":"","background-repeat":"repeat","background-position":"center center","background-size":"auto","background-attachment":"scroll","background-type":"","background-media":"","overlay-type":"","overlay-color":"","overlay-opacity":"","overlay-gradient":""}},"footnotes":""},"class_list":["post-16","page","type-page","status-publish","hentry"],"_links":{"self":[{"href":"https:\/\/medicinamaz.com\/index.php?rest_route=\/wp\/v2\/pages\/16","targetHints":{"allow":["GET"]}}],"collection":[{"href":"https:\/\/medicinamaz.com\/index.php?rest_route=\/wp\/v2\/pages"}],"about":[{"href":"https:\/\/medicinamaz.com\/index.php?rest_route=\/wp\/v2\/types\/page"}],"author":[{"embeddable":true,"href":"https:\/\/medicinamaz.com\/index.php?rest_route=\/wp\/v2\/users\/1"}],"replies":[{"embeddable":true,"href":"https:\/\/medicinamaz.com\/index.php?rest_route=%2Fwp%2Fv2%2Fcomments&post=16"}],"version-history":[{"count":15,"href":"https:\/\/medicinamaz.com\/index.php?rest_route=\/wp\/v2\/pages\/16\/revisions"}],"predecessor-version":[{"id":188,"href":"https:\/\/medicinamaz.com\/index.php?rest_route=\/wp\/v2\/pages\/16\/revisions\/188"}],"wp:attachment":[{"href":"https:\/\/medicinamaz.com\/index.php?rest_route=%2Fwp%2Fv2%2Fmedia&parent=16"}],"curies":[{"name":"wp","href":"https:\/\/api.w.org\/{rel}","templated":true}]}}